{"id":171,"date":"2019-12-06T17:55:23","date_gmt":"2019-12-06T16:55:23","guid":{"rendered":"http:\/\/nauti-ce.fr\/?page_id=171"},"modified":"2021-09-21T15:53:21","modified_gmt":"2021-09-21T13:53:21","slug":"introduction-fr","status":"publish","type":"page","link":"https:\/\/nauti-ce.fr\/?page_id=171","title":{"rendered":"Pour commencer"},"content":{"rendered":"\n<p>Ing\u00e9nieur d&rsquo;\u00e9tude, architecte naval et expert depuis plus de 15 ans, j&rsquo;ai travaill\u00e9 dans le nautisme \u00e0 diff\u00e9rents postes, toujours au frottement entre le bureau d&rsquo;\u00e9tude et la production : \u00e9tude, responsable des \u00e9volutions techniques, chef de projet, responsable de bureau d&rsquo;\u00e9tude, inspecteur en certification.<\/p>\n\n\n\n<p>Conscient des contraintes et des r\u00e9alit\u00e9s des entreprises, je peux apporter mon expertise pour la ma\u00eetrise d&rsquo;un sujet souvent trait\u00e9 \u00ab\u00a0\u00e0 c\u00f4t\u00e9\u00a0\u00bb : l&rsquo;homologation des bateaux. Il s&rsquo;agit de vous accompagner dans les d\u00e9marches d\u2019homologation CE des bateaux.<\/p>\n\n\n\n<p>L&rsquo;objectif est de prendre en charge ces d\u00e9marches et d&rsquo;en g\u00e9rer \u00e0 la fois la qualit\u00e9 du contenu et la tenue du d\u00e9lai. Au carrefour entre les chantiers navals,  les organismes notifi\u00e9s et les acteurs institutionnels (f\u00e9d\u00e9ration, affaires maritimes), cela n\u00e9cessite une bonne connaissance du r\u00e9f\u00e9rentiel<br> r\u00e9glementaire (directive et r\u00e9glementations nationales) et technique (normes harmonis\u00e9es).<\/p>\n\n\n\n<p>Nous pouvons vous accompagner pour les prestations suivantes :<\/p>\n\n\n\n<ul><li>Certification et homologation<\/li><li>Expertise en stabilit\u00e9 des navires <\/li><li>Conception et mod\u00e9lisation <br><\/li><\/ul>\n\n\n\n<p>Nous pouvons, bien s\u00fbr, \u00e9largir ensemble le champ de mes interventions pour se rapprocher au mieux de votre besoin. Je serais ravi de vous&nbsp; rencontrer, n&rsquo;h\u00e9sitez pas \u00e0 me contacter afin de vous pr\u00e9senter de vive voix mes services. <\/p>\n\n\n\n<p>Vous pouvez m&rsquo;appeler au&nbsp;<strong>06 62 78 39 81<\/strong>, ou me joindre via la <a href=\"http:\/\/nauti-ce.fr\/?page_id=37\">page contact<\/a> de ce site<\/p>\n\n\n\n<p><br><br>Avec le concours financier de la R\u00e9gion Nouvelle-Aquitaine :<\/p>\n\n\n\n<div class=\"wp-block-image\"><figure class=\"aligncenter size-large is-resized\"><img decoding=\"async\" loading=\"lazy\" src=\"http:\/\/nauti-ce.fr\/wp-content\/uploads\/2020\/11\/logo_na_horiz_BLANC_2019-1024x475.png\" alt=\"\" class=\"wp-image-240\" width=\"360\" height=\"167\" srcset=\"https:\/\/nauti-ce.fr\/wp-content\/uploads\/2020\/11\/logo_na_horiz_BLANC_2019-1024x475.png 1024w, https:\/\/nauti-ce.fr\/wp-content\/uploads\/2020\/11\/logo_na_horiz_BLANC_2019-300x139.png 300w, https:\/\/nauti-ce.fr\/wp-content\/uploads\/2020\/11\/logo_na_horiz_BLANC_2019-768x356.png 768w, https:\/\/nauti-ce.fr\/wp-content\/uploads\/2020\/11\/logo_na_horiz_BLANC_2019.png 1404w\" sizes=\"(max-width: 360px) 100vw, 360px\" \/><\/figure><\/div>\n\n\n\n<p><\/p>\n","protected":false},"excerpt":{"rendered":"<p>Ing\u00e9nieur d&rsquo;\u00e9tude, architecte naval et expert depuis plus de 15 ans, j&rsquo;ai travaill\u00e9 dans le nautisme \u00e0 diff\u00e9rents postes, toujours au frottement entre le bureau d&rsquo;\u00e9tude et la production : \u00e9tude, responsable des \u00e9volutions techniques, chef de projet, responsable de bureau d&rsquo;\u00e9tude, inspecteur en certification. Conscient des contraintes et des [&hellip;]<\/p>\n","protected":false},"author":1,"featured_media":0,"parent":0,"menu_order":0,"comment_status":"closed","ping_status":"closed","template":"","meta":[],"_links":{"self":[{"href":"https:\/\/nauti-ce.fr\/index.php?rest_route=\/wp\/v2\/pages\/171"}],"collection":[{"href":"https:\/\/nauti-ce.fr\/index.php?rest_route=\/wp\/v2\/pages"}],"about":[{"href":"https:\/\/nauti-ce.fr\/index.php?rest_route=\/wp\/v2\/types\/page"}],"author":[{"embeddable":true,"href":"https:\/\/nauti-ce.fr\/index.php?rest_route=\/wp\/v2\/users\/1"}],"replies":[{"embeddable":true,"href":"https:\/\/nauti-ce.fr\/index.php?rest_route=%2Fwp%2Fv2%2Fcomments&post=171"}],"version-history":[{"count":12,"href":"https:\/\/nauti-ce.fr\/index.php?rest_route=\/wp\/v2\/pages\/171\/revisions"}],"predecessor-version":[{"id":283,"href":"https:\/\/nauti-ce.fr\/index.php?rest_route=\/wp\/v2\/pages\/171\/revisions\/283"}],"wp:attachment":[{"href":"https:\/\/nauti-ce.fr\/index.php?rest_route=%2Fwp%2Fv2%2Fmedia&parent=171"}],"curies":[{"name":"wp","href":"https:\/\/api.w.org\/{rel}","templated":true}]}}